{"id":79,"date":"2019-02-04T07:12:38","date_gmt":"2019-02-04T07:12:38","guid":{"rendered":"https:\/\/fw-buchholz.de\/?page_id=79"},"modified":"2024-12-17T16:07:34","modified_gmt":"2024-12-17T14:07:34","slug":"kommando","status":"publish","type":"page","link":"https:\/\/fw-buchholz.de\/index.php\/kommando\/","title":{"rendered":"Kommando"},"content":{"rendered":"<p>Das F\u00fchrungsgremium der Feuerwehr Buchholz setzt sich in Zukunft wie folgt zusammen:<\/p>\n<p><strong>Ortsbrandmeister<\/strong>: Matthias Lossie<\/p>\n<p><strong>Stv. Ortsbrandmeister<\/strong>: Pascal Dehnst<\/p>\n<p><strong>Schriftwartin<\/strong>: Nadine Rinne<\/p>\n<p><strong>Kassenwartin<\/strong>: Nadine Rinne<\/p>\n<p><strong>Fahrzeug<\/strong>-\/<strong>Ger\u00e4tewart<\/strong>: Marco Bei\u00dfner<\/p>\n<p><strong>Zeugwart<\/strong>: Oliver Bonin<\/p>\n<p><strong>Atemschutzger\u00e4tewart<\/strong>: Marvin Kastner<\/p>\n<p><strong>Sicherheitsbeauftragter<\/strong>: Florian Polz<\/p>\n<p><strong>Gruppenf\u00fchrer<\/strong>: Marco Bei\u00dfner<\/p>\n<p><strong>Stv. Gruppenf\u00fchrer<\/strong>:<\/p>\n","protected":false},"excerpt":{"rendered":"<p>Das F\u00fchrungsgremium der Feuerwehr Buchholz setzt sich in Zukunft wie folgt zusammen: Ortsbrandmeister: Matthias Lossie Stv. Ortsbrandmeister: Pascal Dehnst Schriftwartin: Nadine Rinne Kassenwartin: Nadine Rinne Fahrzeug-\/Ger\u00e4tewart: Marco Bei\u00dfner Zeugwart: Oliver Bonin Atemschutzger\u00e4tewart: Marvin Kastner Sicherheitsbeauftragter: Florian Polz Gruppenf\u00fchrer: Marco Bei\u00dfner Stv. Gruppenf\u00fchrer:<\/p>\n","protected":false},"author":1,"featured_media":0,"parent":0,"menu_order":0,"comment_status":"closed","ping_status":"closed","template":"","meta":{"footnotes":""},"class_list":["post-79","page","type-page","status-publish","hentry"],"_links":{"self":[{"href":"https:\/\/fw-buchholz.de\/index.php\/wp-json\/wp\/v2\/pages\/79","targetHints":{"allow":["GET"]}}],"collection":[{"href":"https:\/\/fw-buchholz.de\/index.php\/wp-json\/wp\/v2\/pages"}],"about":[{"href":"https:\/\/fw-buchholz.de\/index.php\/wp-json\/wp\/v2\/types\/page"}],"author":[{"embeddable":true,"href":"https:\/\/fw-buchholz.de\/index.php\/wp-json\/wp\/v2\/users\/1"}],"replies":[{"embeddable":true,"href":"https:\/\/fw-buchholz.de\/index.php\/wp-json\/wp\/v2\/comments?post=79"}],"version-history":[{"count":10,"href":"https:\/\/fw-buchholz.de\/index.php\/wp-json\/wp\/v2\/pages\/79\/revisions"}],"predecessor-version":[{"id":1135,"href":"https:\/\/fw-buchholz.de\/index.php\/wp-json\/wp\/v2\/pages\/79\/revisions\/1135"}],"wp:attachment":[{"href":"https:\/\/fw-buchholz.de\/index.php\/wp-json\/wp\/v2\/media?parent=79"}],"curies":[{"name":"wp","href":"https:\/\/api.w.org\/{rel}","templated":true}]}}